{"id":4376,"date":"2022-01-27T14:23:41","date_gmt":"2022-01-27T12:23:41","guid":{"rendered":"https:\/\/unifit.es\/?page_id=4376"},"modified":"2025-06-16T16:27:10","modified_gmt":"2025-06-16T14:27:10","slug":"blog-unifit","status":"publish","type":"page","link":"https:\/\/unifit.es\/en\/blog-unifit\/","title":{"rendered":"Blog"},"content":{"rendered":"<p>[et_pb_section fb_built=&#8221;1&#8243; _builder_version=&#8221;4.14.7&#8243; _module_preset=&#8221;default&#8221; background_color=&#8221;#000000&#8243; custom_padding=&#8221;41px|||||&#8221; locked=&#8221;off&#8221; global_colors_info=&#8221;{}&#8221;][et_pb_row _builder_version=&#8221;4.14.7&#8243; _module_preset=&#8221;default&#8221; locked=&#8221;off&#8221; global_colors_info=&#8221;{}&#8221;][et_pb_column type=&#8221;4_4&#8243; _builder_version=&#8221;4.14.7&#8243; _module_preset=&#8221;default&#8221; global_colors_info=&#8221;{}&#8221;][et_pb_text _builder_version=&#8221;4.14.7&#8243; _module_preset=&#8221;default&#8221; text_font=&#8221;Inter|600|||||||&#8221; text_text_color=&#8221;#FFFFFF&#8221; text_font_size=&#8221;40px&#8221; text_orientation=&#8221;center&#8221; module_alignment=&#8221;center&#8221; custom_margin=&#8221;20px||||false|false&#8221; text_font_size_tablet=&#8221;40px&#8221; text_font_size_phone=&#8221;30px&#8221; text_font_size_last_edited=&#8221;on|phone&#8221; locked=&#8221;off&#8221; global_colors_info=&#8221;{}&#8221;]<\/p>\n<p>Blog<\/p>\n<p>[\/et_pb_text][et_pb_text content_tablet=&#8221;<\/p>\n<p>Potencia el networking. Y la experiencia del usuario desde un s\u00f3lo lugar.<\/p>\n<p>&#8221; content_phone=&#8221;<\/p>\n<p>Potencia el networking. <br \/>Y la experiencia del usuario <br \/>desde un s\u00f3lo lugar.<\/p>\n<p>&#8221; content_last_edited=&#8221;on|phone&#8221; _builder_version=&#8221;4.14.7&#8243; _module_preset=&#8221;default&#8221; text_font=&#8221;Inter|300|||||||&#8221; text_text_color=&#8221;#FFFFFF&#8221; text_font_size=&#8221;25px&#8221; text_line_height=&#8221;1.3em&#8221; text_orientation=&#8221;center&#8221; module_alignment=&#8221;center&#8221; custom_margin=&#8221;20px||||false|false&#8221; text_font_size_tablet=&#8221;25px&#8221; text_font_size_phone=&#8221;20px&#8221; text_font_size_last_edited=&#8221;on|phone&#8221; text_line_height_tablet=&#8221;&#8221; text_line_height_phone=&#8221;1.2em&#8221; text_line_height_last_edited=&#8221;on|phone&#8221; locked=&#8221;off&#8221; global_colors_info=&#8221;{}&#8221;]<\/p>\n<p>Art\u00edculos de comunicaci\u00f3n, transformaci\u00f3n digital, tendencias para <br \/>el sector educativo (Prealumno, Alumno y Alumni) y otros colectivos.<\/p>\n<p>[\/et_pb_text][\/et_pb_column][\/et_pb_row][\/et_pb_section][et_pb_section fb_built=&#8221;1&#8243; _builder_version=&#8221;4.14.7&#8243; _module_preset=&#8221;default&#8221; background_enable_color=&#8221;off&#8221; custom_padding=&#8221;||20px|||&#8221; locked=&#8221;off&#8221; global_colors_info=&#8221;{}&#8221;][et_pb_row custom_padding_last_edited=&#8221;on|phone&#8221; _builder_version=&#8221;4.14.7&#8243; _module_preset=&#8221;default&#8221; custom_margin=&#8221;-20px|auto||auto||&#8221; custom_padding_tablet=&#8221;&#8221; custom_padding_phone=&#8221;0|10px|0px|10px|false|true&#8221; global_colors_info=&#8221;{}&#8221;][et_pb_column type=&#8221;4_4&#8243; _builder_version=&#8221;4.14.7&#8243; _module_preset=&#8221;default&#8221; global_colors_info=&#8221;{}&#8221;][et_pb_text _builder_version=&#8221;4.14.7&#8243; _module_preset=&#8221;default&#8221; text_font=&#8221;Inter|700|||||||&#8221; text_font_size=&#8221;25px&#8221; text_orientation=&#8221;center&#8221; custom_margin=&#8221;35px||19px|91px|false|false&#8221; custom_margin_tablet=&#8221;35px||19px|91px|false|false&#8221; custom_margin_phone=&#8221;35px||19px|0px|false|false&#8221; custom_margin_last_edited=&#8221;on|phone&#8221; custom_padding=&#8221;||0px|||&#8221; text_font_size_tablet=&#8221;25px&#8221; text_font_size_phone=&#8221;20px&#8221; text_font_size_last_edited=&#8221;on|phone&#8221; text_line_height_tablet=&#8221;&#8221; text_line_height_phone=&#8221;1.3em&#8221; text_line_height_last_edited=&#8221;on|phone&#8221; text_orientation_tablet=&#8221;&#8221; text_orientation_phone=&#8221;center&#8221; text_orientation_last_edited=&#8221;on|phone&#8221; global_colors_info=&#8221;{}&#8221;]<\/p>\n<p>Don&#039;t miss the latest article!<\/p>\n<p>[\/et_pb_text][\/et_pb_column][\/et_pb_row][et_pb_row custom_padding_last_edited=&#8221;on|phone&#8221; _builder_version=&#8221;4.14.7&#8243; _module_preset=&#8221;default&#8221; width=&#8221;87%&#8221; custom_margin=&#8221;-8px|auto||auto||&#8221; custom_padding=&#8221;|60px|20px|60px|false|true&#8221; custom_padding_tablet=&#8221;|60px|20px|60px|false|true&#8221; custom_padding_phone=&#8221;|20px|20px|20px|false|true&#8221; global_colors_info=&#8221;{}&#8221;][et_pb_column type=&#8221;4_4&#8243; _builder_version=&#8221;4.14.7&#8243; _module_preset=&#8221;default&#8221; global_colors_info=&#8221;{}&#8221;][et_pb_blog_extras posts_number=&#8221;1&#8243; blog_layout=&#8221;masonry&#8221; masonry_layout=&#8221;background_cover&#8221; masonry_columns=&#8221;1&#8243; meta_date=&#8221;j M Y&#8221; ignore_sticky_posts=&#8221;on&#8221; featured_image_size=&#8221;full&#8221; excerpt_length=&#8221;450&#8243; use_read_more_button=&#8221;on&#8221; read_more_text=&#8221;Leer m\u00e1s&#8221; show_author=&#8221;off&#8221; category_meta_colors=&#8221;on&#8221; category_color=&#8221;#000000&#8243; category_background_color=&#8221;#FFFFFF&#8221; show_comments=&#8221;off&#8221; show_read_time=&#8221;on&#8221; read_time_text=&#8221;min lectura&#8221; content_color=&#8221;#FFFFFF&#8221; show_thumbnail_mobile=&#8221;off&#8221; link_target=&#8221;on&#8221; masonry_columns_tablet=&#8221;&#8221; masonry_columns_phone=&#8221;1&#8243; masonry_columns_last_edited=&#8221;on|phone&#8221; column_spacing_tablet=&#8221;&#8221; column_spacing_phone=&#8221;1px&#8221; column_spacing_last_edited=&#8221;on|phone&#8221; _builder_version=&#8221;4.14.7&#8243; _module_preset=&#8221;default&#8221; filterable_category_font=&#8221;Inter|300|||||||&#8221; filterable_category_text_color=&#8221;#000000&#8243; header_font=&#8221;Inter|700|||||||&#8221; header_text_color=&#8221;#FFFFFF&#8221; header_font_size=&#8221;40px&#8221; header_line_height=&#8221;1.2em&#8221; body_font=&#8221;Inter|300|||||||&#8221; body_text_color=&#8221;#FFFFFF&#8221; body_font_size=&#8221;18px&#8221; meta_font=&#8221;Inter|||on|||||&#8221; meta_text_color=&#8221;#e0e0e0&#8243; background_color=&#8221;rgba(0,0,0,0.48)&#8221; custom_read_more=&#8221;on&#8221; read_more_text_size=&#8221;14px&#8221; read_more_text_color=&#8221;#000000&#8243; read_more_bg_color=&#8221;#FFFFFF&#8221; read_more_border_width=&#8221;0px&#8221; read_more_border_color=&#8221;#000000&#8243; read_more_border_radius=&#8221;20px&#8221; read_more_letter_spacing=&#8221;0px&#8221; read_more_font=&#8221;Inter|700|||||||&#8221; width=&#8221;100%&#8221; module_alignment=&#8221;center&#8221; custom_padding=&#8221;||0px|||&#8221; link_option_url_new_window=&#8221;on&#8221; header_font_size_tablet=&#8221;40px&#8221; header_font_size_phone=&#8221;22px&#8221; header_font_size_last_edited=&#8221;on|phone&#8221; body_font_size_tablet=&#8221;18px&#8221; body_font_size_phone=&#8221;16px&#8221; body_font_size_last_edited=&#8221;on|phone&#8221; body_line_height_tablet=&#8221;&#8221; body_line_height_phone=&#8221;1.3em&#8221; body_line_height_last_edited=&#8221;on|phone&#8221; border_radii=&#8221;on|15px|15px|15px|15px&#8221; box_shadow_style=&#8221;preset3&#8243; global_colors_info=&#8221;{}&#8221; read_more_bg_color__hover_enabled=&#8221;on|desktop&#8221; read_more_text_color__hover_enabled=&#8221;on|desktop&#8221; read_more_letter_spacing__hover_enabled=&#8221;on|hover&#8221; read_more_letter_spacing__hover=&#8221;2px&#8221; read_more_bg_color__hover=&#8221;#000000&#8243; read_more_bg_enable_color__hover=&#8221;on&#8221; read_more_text_color__hover=&#8221;#FFFFFF&#8221; body_line_height__hover_enabled=&#8221;on|desktop&#8221;][\/et_pb_blog_extras][\/et_pb_column][\/et_pb_row][\/et_pb_section][et_pb_section fb_built=&#8221;1&#8243; _builder_version=&#8221;4.14.7&#8243; _module_preset=&#8221;default&#8221; custom_margin=&#8221;||-10px|||&#8221; custom_padding=&#8221;18px||0px|||&#8221; locked=&#8221;off&#8221; global_colors_info=&#8221;{}&#8221;][et_pb_row column_structure=&#8221;1_3,2_3&#8243; _builder_version=&#8221;4.14.7&#8243; _module_preset=&#8221;default&#8221; custom_margin=&#8221;12px|auto|12px|auto|true|false&#8221; locked=&#8221;off&#8221; global_colors_info=&#8221;{}&#8221;][et_pb_column type=&#8221;1_3&#8243; _builder_version=&#8221;4.14.7&#8243; _module_preset=&#8221;default&#8221; global_colors_info=&#8221;{}&#8221;][et_pb_text _builder_version=&#8221;4.14.7&#8243; _module_preset=&#8221;default&#8221; text_font=&#8221;Inter|700|||||||&#8221; text_text_color=&#8221;#484744&#8243; text_font_size=&#8221;30px&#8221; text_line_height=&#8221;1.3em&#8221; module_alignment=&#8221;center&#8221; custom_margin=&#8221;40px||40px|0px|true|false&#8221; custom_margin_tablet=&#8221;40px||40px|0px|true|false&#8221; custom_margin_phone=&#8221;0px||0px|0px|true|false&#8221; custom_margin_last_edited=&#8221;on|phone&#8221; custom_padding=&#8221;|||130px|false|false&#8221; custom_padding_tablet=&#8221;|||130px|false|false&#8221; custom_padding_phone=&#8221;|||0px|false|false&#8221; custom_padding_last_edited=&#8221;on|phone&#8221; text_font_size_tablet=&#8221;30px&#8221; text_font_size_phone=&#8221;25px&#8221; text_font_size_last_edited=&#8221;on|phone&#8221; text_orientation_tablet=&#8221;&#8221; text_orientation_phone=&#8221;center&#8221; text_orientation_last_edited=&#8221;on|phone&#8221; locked=&#8221;off&#8221; global_colors_info=&#8221;{}&#8221;]<\/p>\n<p>Centros educativos<\/p>\n<p>[\/et_pb_text][\/et_pb_column][et_pb_column type=&#8221;2_3&#8243; _builder_version=&#8221;4.14.7&#8243; _module_preset=&#8221;default&#8221; global_colors_info=&#8221;{}&#8221;][et_pb_divider color=&#8221;#484744&#8243; divider_weight=&#8221;1px&#8221; disabled_on=&#8221;on|on|off&#8221; _builder_version=&#8221;4.14.7&#8243; _module_preset=&#8221;default&#8221; width=&#8221;90%&#8221; max_width=&#8221;100%&#8221; module_alignment=&#8221;left&#8221; custom_margin=&#8221;50px||||false|false&#8221; custom_margin_tablet=&#8221;50px||||false|false&#8221; custom_margin_phone=&#8221;10px||||false|false&#8221; custom_margin_last_edited=&#8221;on|phone&#8221; global_colors_info=&#8221;{}&#8221;][\/et_pb_divider][\/et_pb_column][\/et_pb_row][et_pb_row make_equal=&#8221;on&#8221; custom_padding_last_edited=&#8221;on|phone&#8221; _builder_version=&#8221;4.14.7&#8243; _module_preset=&#8221;default&#8221; width=&#8221;80%&#8221; custom_padding=&#8221;|0px|0px|0px|false|true&#8221; custom_padding_tablet=&#8221;|0px|0px|0px|false|true&#8221; custom_padding_phone=&#8221;|20px|0px|20px|false|true&#8221; locked=&#8221;off&#8221; global_colors_info=&#8221;{}&#8221;][et_pb_column type=&#8221;4_4&#8243; _builder_version=&#8221;4.14.7&#8243; _module_preset=&#8221;default&#8221; global_colors_info=&#8221;{}&#8221;][et_pb_blog_extras posts_number=&#8221;20&#8243; include_categories=&#8221;49,34&#8243; blog_layout=&#8221;masonry&#8221; masonry_columns=&#8221;4&#8243; meta_date=&#8221;j M Y&#8221; ignore_sticky_posts=&#8221;on&#8221; excerpt_length=&#8221;0&#8243; show_more=&#8221;off&#8221; show_author=&#8221;off&#8221; category_meta_colors=&#8221;on&#8221; category_color=&#8221;#FFFFFF&#8221; category_background_color=&#8221;#000000&#8243; show_comments=&#8221;off&#8221; show_read_time=&#8221;on&#8221; read_time_text=&#8221;min lectura&#8221; content_color=&#8221;#000000&#8243; link_target=&#8221;on&#8221; masonry_columns_tablet=&#8221;&#8221; masonry_columns_phone=&#8221;1&#8243; masonry_columns_last_edited=&#8221;on|phone&#8221; column_spacing_tablet=&#8221;&#8221; column_spacing_phone=&#8221;&#8221; column_spacing_last_edited=&#8221;on|phone&#8221; _builder_version=&#8221;4.14.7&#8243; _module_preset=&#8221;default&#8221; filterable_category_font=&#8221;Inter|300|||||||&#8221; filterable_category_text_color=&#8221;#FFFFFF&#8221; header_font=&#8221;Inter|700|||||||&#8221; header_font_size=&#8221;20px&#8221; header_line_height=&#8221;1.3em&#8221; body_font=&#8221;Inter|300|||||||&#8221; body_font_size=&#8221;14px&#8221; meta_font=&#8221;Inter|||on|||||&#8221; meta_text_color=&#8221;#bababa&#8221; meta_font_size=&#8221;12px&#8221; custom_padding=&#8221;||13px|||&#8221; link_option_url_new_window=&#8221;on&#8221; border_radii=&#8221;on|10px|10px|10px|10px&#8221; box_shadow_style=&#8221;preset3&#8243; global_colors_info=&#8221;{}&#8221; read_more_bg_color__hover_enabled=&#8221;on|desktop&#8221; read_more_text_color__hover_enabled=&#8221;on|desktop&#8221; read_more_letter_spacing__hover_enabled=&#8221;on|hover&#8221; read_more_letter_spacing__hover=&#8221;2px&#8221; read_more_bg_color__hover=&#8221;#000000&#8243; read_more_bg_enable_color__hover=&#8221;on&#8221; read_more_text_color__hover=&#8221;#FFFFFF&#8221;][\/et_pb_blog_extras][\/et_pb_column][\/et_pb_row][\/et_pb_section]<\/p>","protected":false},"excerpt":{"rendered":"<p>BlogArt\u00edculos de comunicaci\u00f3n, transformaci\u00f3n digital, tendencias para el sector educativo (Prealumno, Alumno y Alumni) y otros colectivos.\u00a1No te pierdas el \u00faltimo art\u00edculo!Centros educativos<\/p>","protected":false},"author":1,"featured_media":0,"parent":0,"menu_order":0,"comment_status":"closed","ping_status":"closed","template":"","meta":{"_et_pb_use_builder":"on","_et_pb_old_content":"","_et_gb_content_width":"","_mi_skip_tracking":false,"_monsterinsights_sitenote_active":false,"_monsterinsights_sitenote_note":"","_monsterinsights_sitenote_category":0,"footnotes":""},"class_list":["post-4376","page","type-page","status-publish","hentry"],"yoast_head":"<!-- This site is optimized with the Yoast SEO plugin v15.3 - https:\/\/yoast.com\/wordpress\/plugins\/seo\/ -->\n<title>Blog Unifit: digitalizaci\u00f3n, tendencias y comunicaci\u00f3n para comunidades<\/title>\n<meta name=\"description\" content=\"Para estar al d\u00eda de comunicaci\u00f3n, trnasformaci\u00f3n digital y tendencias para el sector educativo (prealumnos, estudiantes, alumni) y empresas\" \/>\n<meta name=\"robots\" content=\"index, follow, max-snippet:-1, max-image-preview:large, max-video-preview:-1\" \/>\n<link rel=\"canonical\" href=\"https:\/\/unifit.es\/en\/blog-unifit\/\" \/>\n<meta property=\"og:locale\" content=\"en_US\" \/>\n<meta property=\"og:type\" content=\"article\" \/>\n<meta property=\"og:title\" content=\"Blog Unifit: digitalizaci\u00f3n, tendencias y comunicaci\u00f3n para comunidades\" \/>\n<meta property=\"og:description\" content=\"Para estar al d\u00eda de comunicaci\u00f3n, trnasformaci\u00f3n digital y tendencias para el sector educativo (prealumnos, estudiantes, alumni) y empresas\" \/>\n<meta property=\"og:url\" content=\"https:\/\/unifit.es\/en\/blog-unifit\/\" \/>\n<meta property=\"og:site_name\" content=\"UNIFIT\" \/>\n<meta property=\"article:modified_time\" content=\"2025-06-16T14:27:10+00:00\" \/>\n<meta name=\"twitter:card\" content=\"summary_large_image\" \/>\n<meta name=\"twitter:label1\" content=\"Written by\">\n\t<meta name=\"twitter:data1\" content=\"admin\">\n\t<meta name=\"twitter:label2\" content=\"Est. reading time\">\n\t<meta name=\"twitter:data2\" content=\"5 minutes\">\n<script type=\"application\/ld+json\" class=\"yoast-schema-graph\">{\"@context\":\"https:\/\/schema.org\",\"@graph\":[{\"@type\":\"Organization\",\"@id\":\"https:\/\/unifit.es\/en\/#organization\",\"name\":\"Unifit\",\"url\":\"https:\/\/unifit.es\/en\/\",\"sameAs\":[\"https:\/\/es.linkedin.com\/company\/unifit-sl\"],\"logo\":{\"@type\":\"ImageObject\",\"@id\":\"https:\/\/unifit.es\/en\/#logo\",\"inLanguage\":\"en-US\",\"url\":\"\",\"caption\":\"Unifit\"},\"image\":{\"@id\":\"https:\/\/unifit.es\/en\/#logo\"}},{\"@type\":\"WebSite\",\"@id\":\"https:\/\/unifit.es\/en\/#website\",\"url\":\"https:\/\/unifit.es\/en\/\",\"name\":\"UNIFIT\",\"description\":\"Conectando comunidades\",\"publisher\":{\"@id\":\"https:\/\/unifit.es\/en\/#organization\"},\"potentialAction\":[{\"@type\":\"SearchAction\",\"target\":\"https:\/\/unifit.es\/en\/?s={search_term_string}\",\"query-input\":\"required name=search_term_string\"}],\"inLanguage\":\"en-US\"},{\"@type\":\"WebPage\",\"@id\":\"https:\/\/unifit.es\/en\/blog-unifit\/#webpage\",\"url\":\"https:\/\/unifit.es\/en\/blog-unifit\/\",\"name\":\"Blog Unifit: digitalizaci\\u00f3n, tendencias y comunicaci\\u00f3n para comunidades\",\"isPartOf\":{\"@id\":\"https:\/\/unifit.es\/en\/#website\"},\"datePublished\":\"2022-01-27T12:23:41+00:00\",\"dateModified\":\"2025-06-16T14:27:10+00:00\",\"description\":\"Para estar al d\\u00eda de comunicaci\\u00f3n, trnasformaci\\u00f3n digital y tendencias para el sector educativo (prealumnos, estudiantes, alumni) y empresas\",\"inLanguage\":\"en-US\",\"potentialAction\":[{\"@type\":\"ReadAction\",\"target\":[\"https:\/\/unifit.es\/en\/blog-unifit\/\"]}]}]}<\/script>\n<!-- \/ Yoast SEO plugin. -->","_links":{"self":[{"href":"https:\/\/unifit.es\/en\/wp-json\/wp\/v2\/pages\/4376","targetHints":{"allow":["GET"]}}],"collection":[{"href":"https:\/\/unifit.es\/en\/wp-json\/wp\/v2\/pages"}],"about":[{"href":"https:\/\/unifit.es\/en\/wp-json\/wp\/v2\/types\/page"}],"author":[{"embeddable":true,"href":"https:\/\/unifit.es\/en\/wp-json\/wp\/v2\/users\/1"}],"replies":[{"embeddable":true,"href":"https:\/\/unifit.es\/en\/wp-json\/wp\/v2\/comments?post=4376"}],"version-history":[{"count":42,"href":"https:\/\/unifit.es\/en\/wp-json\/wp\/v2\/pages\/4376\/revisions"}],"predecessor-version":[{"id":10374,"href":"https:\/\/unifit.es\/en\/wp-json\/wp\/v2\/pages\/4376\/revisions\/10374"}],"wp:attachment":[{"href":"https:\/\/unifit.es\/en\/wp-json\/wp\/v2\/media?parent=4376"}],"curies":[{"name":"wp","href":"https:\/\/api.w.org\/{rel}","templated":true}]}}