{"id":9261,"date":"2023-07-05T16:36:56","date_gmt":"2023-07-05T14:36:56","guid":{"rendered":"https:\/\/unifit.es\/?page_id=9261"},"modified":"2025-11-25T16:17:18","modified_gmt":"2025-11-25T14:17:18","slug":"aviso-legal","status":"publish","type":"page","link":"https:\/\/unifit.es\/en\/aviso-legal\/","title":{"rendered":"Aviso legal"},"content":{"rendered":"<p>[et_pb_section fb_built=&#8221;1&#8243; _builder_version=&#8221;4.14.7&#8243; _module_preset=&#8221;default&#8221; background_color=&#8221;#000000&#8243; global_colors_info=&#8221;{}&#8221;][et_pb_row custom_padding_last_edited=&#8221;on|phone&#8221; _builder_version=&#8221;4.14.7&#8243; _module_preset=&#8221;default&#8221; custom_margin=&#8221;30px||30px||true|false&#8221; custom_padding=&#8221;0|100px|0px|100px|false|true&#8221; custom_padding_tablet=&#8221;0|100px|0px|100px|false|true&#8221; custom_padding_phone=&#8221;0|40px|0px|40px|false|true&#8221; global_colors_info=&#8221;{}&#8221;][et_pb_column type=&#8221;4_4&#8243; _builder_version=&#8221;4.14.7&#8243; _module_preset=&#8221;default&#8221; global_colors_info=&#8221;{}&#8221;][et_pb_text _builder_version=&#8221;4.14.7&#8243; _module_preset=&#8221;default&#8221; text_font=&#8221;Inter|300|||||||&#8221; text_text_color=&#8221;#FFFFFF&#8221; text_font_size=&#8221;16px&#8221; text_orientation=&#8221;center&#8221; global_colors_info=&#8221;{}&#8221;]<\/p>\n<p>Last updated: July 2023<\/p>\n<p>[\/et_pb_text][et_pb_text _builder_version=&#8221;4.14.7&#8243; _module_preset=&#8221;default&#8221; text_font=&#8221;Inter|700|||||||&#8221; text_text_color=&#8221;#FFFFFF&#8221; text_font_size=&#8221;40px&#8221; text_orientation=&#8221;center&#8221; custom_margin=&#8221;25px||||false|false&#8221; text_line_height_tablet=&#8221;&#8221; text_line_height_phone=&#8221;1.2em&#8221; text_line_height_last_edited=&#8221;on|phone&#8221; global_colors_info=&#8221;{}&#8221;]<\/p>\n<p>Legal warning<\/p>\n<p>[\/et_pb_text][\/et_pb_column][\/et_pb_row][\/et_pb_section][et_pb_section fb_built=&#8221;1&#8243; _builder_version=&#8221;4.14.7&#8243; _module_preset=&#8221;default&#8221; global_colors_info=&#8221;{}&#8221;][et_pb_row custom_padding_last_edited=&#8221;on|phone&#8221; _builder_version=&#8221;4.14.7&#8243; _module_preset=&#8221;default&#8221; custom_margin=&#8221;40px||||false|false&#8221; custom_margin_tablet=&#8221;40px||||false|false&#8221; custom_margin_phone=&#8221;10px||||false|false&#8221; custom_margin_last_edited=&#8221;on|phone&#8221; custom_padding=&#8221;0|200px|0px|200px|false|true&#8221; custom_padding_tablet=&#8221;0|200px|0px|200px|false|true&#8221; custom_padding_phone=&#8221;0|40px|0px|40px|false|true&#8221; global_colors_info=&#8221;{}&#8221;][et_pb_column type=&#8221;4_4&#8243; _builder_version=&#8221;4.14.7&#8243; _module_preset=&#8221;default&#8221; global_colors_info=&#8221;{}&#8221;][et_pb_text _builder_version=&#8221;4.14.7&#8243; _module_preset=&#8221;default&#8221; text_font=&#8221;Inter|300|||||||&#8221; text_text_color=&#8221;#474747&#8243; text_font_size=&#8221;20px&#8221; text_line_height=&#8221;1.5em&#8221; hover_enabled=&#8221;0&#8243; text_font_size_tablet=&#8221;20px&#8221; text_font_size_phone=&#8221;16px&#8221; text_font_size_last_edited=&#8221;on|phone&#8221; global_colors_info=&#8221;{}&#8221; sticky_enabled=&#8221;0&#8243;]<\/p>\n<p style=\"text-align: justify;\"><span><\/span>SEDUNI TORCAR SL, con CIF B67244327, direcci\u00f3n Av. Josep Tarradellas, 74-78, Ent. 1\u00aa, 08029 Barcelona, e inscrita en el Registro Mercantil de Barcelona, tomo 46474, folio 75, hoja 521156, inscripci\u00f3n 2018\/1179, no puede asumir ninguna responsabilidad derivada del uso incorrecto, inapropiado o il\u00edcito de la informaci\u00f3n aparecida en las p\u00e1ginas de Internet de <em>www.unifit.es<\/em>.<\/p>\n<p style=\"text-align: justify;\">Within the limits established by law, <em><a href=\"https:\/\/unifit.es\/en\/\">www.unifit.es<\/a><\/em> does not assume any responsibility derived from the lack of veracity, integrity, updating and precision of the data or information contained in its internet pages.<\/p>\n<p style=\"text-align: justify;\">The contents and information do not bind <em><a href=\"https:\/\/unifit.es\/en\/\">www.unifit.es<\/a><\/em> nor do they constitute opinions, advice or legal advice of any kind, since it is merely a service offered for informational and informative purposes.<\/p>\n<p style=\"text-align: justify;\">The web pages of <em><a href=\"https:\/\/unifit.es\/en\/\">www.unifit.es<\/a> <\/em>may contain links (links) to other third-party pages that <em><a href=\"https:\/\/unifit.es\/en\/\">www.unifit.es<\/a><\/em> cannot assume responsibility for the content that may appear on third party pages.<\/p>\n<p style=\"text-align: justify;\">The texts, images, sounds, animations, software and the rest of the contents included in this website are the exclusive property of <em><a href=\"https:\/\/unifit.es\/en\/\">www.unifit.es<\/a><\/em> or its bidders. Any act of transmission, distribution, assignment, reproduction, storage or total or partial public communication must have the express consent of <em>www.unifit.es<\/em>.<\/p>\n<p style=\"text-align: justify;\">Also, to access some of the services that <em><a href=\"https:\/\/unifit.es\/en\/\">www.unifit.es<\/a><\/em> offered through the website must provide some personal data. In compliance with the provisions of Regulation (EU) 2016\/679 of the European Parliament and of the Council, of April 27, 2016, regarding the protection of natural persons with regard to the processing of personal data and the free movement of With these data, we inform you that, by completing these forms, your personal data will be incorporated and will be processed in the files of SEDUNI TORCAR SL in order to be able to provide and offer our services as well as to inform you of improvements to the website. . Likewise, we inform you of the possibility of exercising the rights of access, rectification, cancellation and opposition of your personal data, free of charge by email to <em><a href=\"mailto:info@unifit.es\">info@unifit.es<\/a><\/em> or at the address C\/ Aribau 170, 1\u00ba 1\u00aa, 08036 Barcelona.<\/p>\n<p>[\/et_pb_text][\/et_pb_column][\/et_pb_row][\/et_pb_section]<\/p>","protected":false},"excerpt":{"rendered":"<p>\u00daltima actualizaci\u00f3n: Julio 2023Aviso LegalSEDUNI TORCAR SL, con CIF B67244327, direcci\u00f3n Av. Josep Tarradellas, 74-78, Ent. 1\u00aa, 08029 Barcelona, e inscrita en el Registro Mercantil de Barcelona, tomo 46474, folio 75, hoja 521156, inscripci\u00f3n 2018\/1179, no puede asumir ninguna responsabilidad derivada del uso incorrecto, inapropiado o il\u00edcito de la informaci\u00f3n aparecida en las p\u00e1ginas de [&hellip;]<\/p>","protected":false},"author":1,"featured_media":0,"parent":0,"menu_order":0,"comment_status":"closed","ping_status":"closed","template":"","meta":{"_et_pb_use_builder":"on","_et_pb_old_content":"","_et_gb_content_width":"","_mi_skip_tracking":false,"_monsterinsights_sitenote_active":false,"_monsterinsights_sitenote_note":"","_monsterinsights_sitenote_category":0,"footnotes":""},"class_list":["post-9261","page","type-page","status-publish","hentry"],"yoast_head":"<!-- This site is optimized with the Yoast SEO plugin v15.3 - https:\/\/yoast.com\/wordpress\/plugins\/seo\/ -->\n<title>Aviso legal - UNIFIT<\/title>\n<meta name=\"description\" content=\"Crea una din\u00e1mica de comunicaci\u00f3n, informaci\u00f3n y bienestar\" \/>\n<meta name=\"robots\" content=\"index, follow, max-snippet:-1, max-image-preview:large, max-video-preview:-1\" \/>\n<link rel=\"canonical\" href=\"https:\/\/unifit.es\/en\/aviso-legal\/\" \/>\n<meta property=\"og:locale\" content=\"en_US\" \/>\n<meta property=\"og:type\" content=\"article\" \/>\n<meta property=\"og:title\" content=\"Aviso legal - UNIFIT\" \/>\n<meta property=\"og:description\" content=\"Crea una din\u00e1mica de comunicaci\u00f3n, informaci\u00f3n y bienestar\" \/>\n<meta property=\"og:url\" content=\"https:\/\/unifit.es\/en\/aviso-legal\/\" \/>\n<meta property=\"og:site_name\" content=\"UNIFIT\" \/>\n<meta property=\"article:modified_time\" content=\"2025-11-25T14:17:18+00:00\" \/>\n<meta name=\"twitter:card\" content=\"summary_large_image\" \/>\n<meta name=\"twitter:label1\" content=\"Written by\">\n\t<meta name=\"twitter:data1\" content=\"admin\">\n\t<meta name=\"twitter:label2\" content=\"Est. reading time\">\n\t<meta name=\"twitter:data2\" content=\"3 minutes\">\n<script type=\"application\/ld+json\" class=\"yoast-schema-graph\">{\"@context\":\"https:\/\/schema.org\",\"@graph\":[{\"@type\":\"Organization\",\"@id\":\"https:\/\/unifit.es\/en\/#organization\",\"name\":\"Unifit\",\"url\":\"https:\/\/unifit.es\/en\/\",\"sameAs\":[\"https:\/\/es.linkedin.com\/company\/unifit-sl\"],\"logo\":{\"@type\":\"ImageObject\",\"@id\":\"https:\/\/unifit.es\/en\/#logo\",\"inLanguage\":\"en-US\",\"url\":\"\",\"caption\":\"Unifit\"},\"image\":{\"@id\":\"https:\/\/unifit.es\/en\/#logo\"}},{\"@type\":\"WebSite\",\"@id\":\"https:\/\/unifit.es\/en\/#website\",\"url\":\"https:\/\/unifit.es\/en\/\",\"name\":\"UNIFIT\",\"description\":\"Conectando comunidades\",\"publisher\":{\"@id\":\"https:\/\/unifit.es\/en\/#organization\"},\"potentialAction\":[{\"@type\":\"SearchAction\",\"target\":\"https:\/\/unifit.es\/en\/?s={search_term_string}\",\"query-input\":\"required name=search_term_string\"}],\"inLanguage\":\"en-US\"},{\"@type\":\"WebPage\",\"@id\":\"https:\/\/unifit.es\/en\/aviso-legal\/#webpage\",\"url\":\"https:\/\/unifit.es\/en\/aviso-legal\/\",\"name\":\"Aviso legal - UNIFIT\",\"isPartOf\":{\"@id\":\"https:\/\/unifit.es\/en\/#website\"},\"datePublished\":\"2023-07-05T14:36:56+00:00\",\"dateModified\":\"2025-11-25T14:17:18+00:00\",\"description\":\"Crea una din\\u00e1mica de comunicaci\\u00f3n, informaci\\u00f3n y bienestar\",\"inLanguage\":\"en-US\",\"potentialAction\":[{\"@type\":\"ReadAction\",\"target\":[\"https:\/\/unifit.es\/en\/aviso-legal\/\"]}]}]}<\/script>\n<!-- \/ Yoast SEO plugin. -->","_links":{"self":[{"href":"https:\/\/unifit.es\/en\/wp-json\/wp\/v2\/pages\/9261","targetHints":{"allow":["GET"]}}],"collection":[{"href":"https:\/\/unifit.es\/en\/wp-json\/wp\/v2\/pages"}],"about":[{"href":"https:\/\/unifit.es\/en\/wp-json\/wp\/v2\/types\/page"}],"author":[{"embeddable":true,"href":"https:\/\/unifit.es\/en\/wp-json\/wp\/v2\/users\/1"}],"replies":[{"embeddable":true,"href":"https:\/\/unifit.es\/en\/wp-json\/wp\/v2\/comments?post=9261"}],"version-history":[{"count":6,"href":"https:\/\/unifit.es\/en\/wp-json\/wp\/v2\/pages\/9261\/revisions"}],"predecessor-version":[{"id":10778,"href":"https:\/\/unifit.es\/en\/wp-json\/wp\/v2\/pages\/9261\/revisions\/10778"}],"wp:attachment":[{"href":"https:\/\/unifit.es\/en\/wp-json\/wp\/v2\/media?parent=9261"}],"curies":[{"name":"wp","href":"https:\/\/api.w.org\/{rel}","templated":true}]}}